{"id":48,"date":"2020-03-16T17:31:30","date_gmt":"2020-03-16T17:31:30","guid":{"rendered":"https:\/\/jungmusikanten.at\/?page_id=48"},"modified":"2020-03-22T16:40:08","modified_gmt":"2020-03-22T16:40:08","slug":"chronik","status":"publish","type":"page","link":"https:\/\/jungmusikanten.at\/?page_id=48","title":{"rendered":"Chronik"},"content":{"rendered":"<div id=\"wppb-builder-container\" class=\"wppb-builder-container\">                <div  class=\"wppb-row-parent  wppb-row-1584899316004 \"  >\n\t\t\t\t\t\n\t\t\t\t\t\t\t\t\t\t\n\t\t\t\t\t\t\t\t\t\t\n\t\t\t\t\t<div class=\"wppb-container \">\n\t\t\t\t\t\t\t\t\t\t\t\t\t\n                        <div class=\"wppb-row\">\n\t\t\t\t\t\t\t                                    <div  class=\"wppb-column-parent wppb-column-parent-view wppb-col-1584899316003  \"  >\n                                        <div class=\"wppb-column\">\n\t\t\t\t\t\n\t\t\t\t\t\t\t\t\t\t\t\n                                            <div class=\"wppb-builder-addons\">\n\t\t\t\t\t\t\t\t\t\t\t\t<div class='wppb-builder-addon wppb-addon-1584899334048'  data-addon-id='1584899334048'><div class='wppb-addon'><div class=\"wppb-headline-addon\"><div class=\"wppb-headline-content\"><h2 class=\"wppb-addon-title\">Ein Verein.\nEine Leidenschaft. Eine Geschichte.<\/h2><\/div><\/div><\/div><\/div>                                            <\/div>\n                                        <\/div>\n                                    <\/div>\n\t\t\t\t\t\t\t\t\t                        <\/div>\n\n                    <\/div>\n                <\/div>\n\t\t\t\t                <div  class=\"wppb-row-parent  wppb-row-1584899316027 \"  >\n\t\t\t\t\t\n\t\t\t\t\t\t\t\t\t\t\n\t\t\t\t\t\t\t\t\t\t\n\t\t\t\t\t<div class=\"wppb-container \">\n\t\t\t\t\t\t\t\t\t\t\t\t\t\n                        <div class=\"wppb-row\">\n\t\t\t\t\t\t\t                                    <div  class=\"wppb-column-parent wppb-column-parent-view wppb-col-1595858619919  \"  >\n                                        <div class=\"wppb-column\">\n\t\t\t\t\t\n\t\t\t\t\t\t\t\t\t\t\t\n                                            <div class=\"wppb-builder-addons\">\n\t\t\t\t\t\t\t\t\t\t\t\t<div class='wppb-builder-addon wppb-addon-1595858619922'  data-addon-id='1595858619922'><div class='wppb-addon'><div class=\"wppb-image-addon\"><figure class=\"wppb-image-addon-content-wrap\"><div class=\"wppb-image-addon-content wppb-imginlineblock\"><img decoding=\"async\" class=\"wppb-image-addon-img\" src=\"https:\/\/02l.ea8.myftpupload.com\/wp-content\/uploads\/2020\/03\/Unbenannt-10.png\" alt=\"Image\"><\/div><\/figure><\/div><\/div><\/div>                                            <\/div>\n                                        <\/div>\n                                    <\/div>\n\t\t\t\t\t\t\t\t\t                                    <div  class=\"wppb-column-parent wppb-column-parent-view wppb-col-1595858619927  \"  >\n                                        <div class=\"wppb-column\">\n\t\t\t\t\t\n\t\t\t\t\t\t\t\t\t\t\t\n                                            <div class=\"wppb-builder-addons\">\n\t\t\t\t\t\t\t\t\t\t\t\t<div class='wppb-builder-addon wppb-addon-1595858619930'  data-addon-id='1595858619930'><div class='wppb-addon'><div class=\"wppb-text-block-addon\"><div class=\"wppb-text-block-content 0\">Wir Sch\u00f6nberger Jungmusikanten musizieren nun schon seit 39 Jahren. So eine Vereinsgeschichte wird von allerlei Ver\u00e4nderungen und musikalischen Weiterentwicklungen gepr\u00e4gt - doch zwei Werte haben sich \u00fcber die Jahrzehnte nicht ver\u00e4ndert: Die Liebe zur Musik und der Zusammenhalt im Verein. Damit Sie einen besseren \u00dcberblick \u00fcber unsere Historie bekommen haben wir hier unsere wichtigsten Momente zusammengefasst.<\/div><\/div><\/div><\/div>                                            <\/div>\n                                        <\/div>\n                                    <\/div>\n\t\t\t\t\t\t\t\t\t                        <\/div>\n\n                    <\/div>\n                <\/div>\n\t\t\t\t                <div  class=\"wppb-row-parent  wppb-row-1584899316049 \"  >\n\t\t\t\t\t\n\t\t\t\t\t\t\t\t\t\t\n\t\t\t\t\t\t\t\t\t\t\n\t\t\t\t\t<div class=\"wppb-container \">\n\t\t\t\t\t\t\t\t\t\t\t\t\t\n                        <div class=\"wppb-row\">\n\t\t\t\t\t\t\t                                    <div  class=\"wppb-column-parent wppb-column-parent-view wppb-col-1584899316048  \"  >\n                                        <div class=\"wppb-column\">\n\t\t\t\t\t\n\t\t\t\t\t\t\t\t\t\t\t\n                                            <div class=\"wppb-builder-addons\">\n\t\t\t\t\t\t\t\t\t\t\t\t<div class='wppb-builder-addon wppb-addon-1584899379128'  data-addon-id='1584899379128'><div class='wppb-addon'><div class=\"wppb-headline-addon\"><div class=\"wppb-headline-content\"><h2 class=\"wppb-addon-title\">JUNGMUSIKANTEN IM \u00dcBERBLICK<\/h2><\/div><\/div><\/div><\/div>                                            <\/div>\n                                        <\/div>\n                                    <\/div>\n\t\t\t\t\t\t\t\t\t                        <\/div>\n\n                    <\/div>\n                <\/div>\n\t\t\t\t                <div  class=\"wppb-row-parent  wppb-row-1586219713019 \"  >\n\t\t\t\t\t\n\t\t\t\t\t\t\t\t\t\t\n\t\t\t\t\t\t\t\t\t\t\n\t\t\t\t\t<div class=\"wppb-container \">\n\t\t\t\t\t\t\t\t\t\t\t\t\t\n                        <div class=\"wppb-row\">\n\t\t\t\t\t\t\t                                    <div  class=\"wppb-column-parent wppb-column-parent-view wppb-col-1586219713018  \"  >\n                                        <div class=\"wppb-column\">\n\t\t\t\t\t\n\t\t\t\t\t\t\t\t\t\t\t\n                                            <div class=\"wppb-builder-addons\">\n\t\t\t\t\t\t\t\t\t\t\t\t<div class='wppb-builder-addon wppb-addon-1586221902662'  data-addon-id='1586221902662'><div class='wppb-addon'><div class=\"wppb-raw-html-addon\"><div class=\"wppb-raw-html-content\"><section class=\"timeline\">\n  <ul>\n    <li>\n      <div class=\"content left\">\n        <h2>\n          2016\n        <\/h2>\n        <p>Lorem ipsum dolor sit amet, consectetur adipisicing elit. Alias debitis praesentium itaque veniam dolorum cupiditate asperiores optio beatae, qui perferendis ipsam odit modi nemo natus corrupti neque quos distinctio facilis?<\/p>\n      <\/div>\n    <\/li>\n    <li>\n      <div class=\"content right\">\n        <h2>\n          2015\n        <\/h2>\n        <p>Lorem ipsum dolor sit amet, consectetur adipisicing elit. Obcaecati quas, reiciendis quis sequi voluptatem consectetur adipisci accusamus hic vel vero ea ad iure! Natus, ipsum, enim aspernatur fugit voluptatibus similique?<\/p>\n      <\/div>\n    <\/li>\n    <li>\n      <div class=\"content left\">\n        <h2>\n          2012\n        <\/h2>\n        <p>Lorem ipsum dolor sit amet, consectetur adipisicing elit. Officiis, expedita. Dolorem blanditiis, delectus omnis eos accusamus mollitia et cupiditate officia maxime vel, nesciunt alias eius, quibusdam in ea eveniet ut!<\/p>\n      <\/div>\n    <\/li>\n\t<li>\n      <div class=\"content right\">\n        <h2>\n          2015\n        <\/h2>\n        <p>Lorem ipsum dolor sit amet, consectetur adipisicing elit. Obcaecati quas, reiciendis quis sequi voluptatem consectetur adipisci accusamus hic vel vero ea ad iure! Natus, ipsum, enim aspernatur fugit voluptatibus similique?<\/p>\n      <\/div>\n    <\/li>\n  <\/ul>\n<\/section>\n\n\n\n  .timeline ul{\n    background: #faf8eb;\n    padding: 50px 0;\n    }\n\t\n    .timeline li{\n      background: gray;\n      position: relative;\n      margin: 0 auto;\n      width: 5px;\n      padding-bottom: 40px;\n      list-style-type: none;\n      margin-top: 0px !important;\n   }   \n      \n   .timeline .content{\n\tbackground: gray; \n\tposition: relative;\n\ttop: 7px;\n\twidth: 450px;\n\tpadding: 20px;\n\t}\n\t.timeline h2{\n\t  padding-bottom: 10px;\n\t  text-align: center;\n\t}\n        \n\t.timeline p{\n\t  text-align: center;\n\t}\n\t\n\t.timeline .content:before{\n\t  content: '';\n\t  background: gray;\n\t  position: absolute;\n\t  top: 0px;\n\t  width: 50px;\n\t  height: 5px;\n\t}\n      \n      .timeline .left{\n        left: 50px;\n        background: gray;\n        background: -webkit-linear-gradient(-45deg, lightgray; , gray);\n        background: linear-gradient(-45deg,  lightgray , gray);\n      }\n      \n      .timeline .left:before {\n        left: -45px;\n\t\ttop: 50%;\n\t\twidth: 45px;\n      }\n      \n      .timeline .right{\n        left: calc(-408px - 88px);\n        background: gray;\n        background: -webkit-linear-gradient(45deg, lightgray , gray);\n        background: linear-gradient(45deg,  lightgray , gray);\n      }\n      \n      .timeline .right:before {\n        right: -50px;\n\t\ttop: 50%;\n      }\n    }\n  }\n}\n\n\/* -------------------------\n   ----- Media Queries ----- \n   ------------------------- *\/\n\n@media screen and (max-width: 1020px) {\n  .timeline .timeline ul li .content {\n    width: 41vw;\n  }\n  .timeline .timeline ul .left .content {\n    left: calc(-41vw - 45px);\n  }\n}\n\n@media screen and (max-width: 700px) {\n  .timeline .timeline ul li {\n    margin-left: 20px;\n    }\n    .timeline .content {\n      width: calc(100vw - 100px);\n    }\n      .timeline h2{\n        text-align: initial;\n      }\n    \n    .timeline .left {\n      left: 45px;\n      background: gray\n        background: -webkit-linear-gradient(45deg, lightgray , gray);\n        background: linear-gradient(45deg,  lightgray , gray);\n    }\n    \n    .timeline .left:before {\n      left: -33px;\n    }\n  \n}\n<\/div><\/div><\/div><\/div>                                            <\/div>\n                                        <\/div>\n                                    <\/div>\n\t\t\t\t\t\t\t\t\t                        <\/div>\n\n                    <\/div>\n                <\/div>\n\t\t\t\t                <div  class=\"wppb-row-parent  wppb-row-1584899316065 \"  >\n\t\t\t\t\t\n\t\t\t\t\t\t\t\t\t\t\n\t\t\t\t\t\t\t\t\t\t\n\t\t\t\t\t<div class=\"wppb-container \">\n\t\t\t\t\t\t\t\t\t\t\t\t\t\n                        <div class=\"wppb-row\">\n\t\t\t\t\t\t\t                                    <div  class=\"wppb-column-parent wppb-column-parent-view wppb-col-1584899316064  \"  >\n                                        <div class=\"wppb-column\">\n\t\t\t\t\t\n\t\t\t\t\t\t\t\t\t\t\t\n                                            <div class=\"wppb-builder-addons\">\n\t\t\t\t\t\t\t\t\t\t\t\t<div class='wppb-builder-addon wppb-addon-1584899430905'  data-addon-id='1584899430905'><div class='wppb-addon'><div class=\"wppb-headline-addon\"><div class=\"wppb-headline-content\"><h2 class=\"wppb-addon-title\">MUSIKANTENBRIEF<\/h2><\/div><\/div><\/div><\/div>                                            <\/div>\n                                        <\/div>\n                                    <\/div>\n\t\t\t\t\t\t\t\t\t                        <\/div>\n\n                    <\/div>\n                <\/div>\n\t\t\t\t                <div  class=\"wppb-row-parent  wppb-row-1584899316148 \"  >\n\t\t\t\t\t\n\t\t\t\t\t\t\t\t\t\t\n\t\t\t\t\t\t\t\t\t\t\n\t\t\t\t\t<div class=\"wppb-container \">\n\t\t\t\t\t\t\t\t\t\t\t\t\t\n                        <div class=\"wppb-row\">\n\t\t\t\t\t\t\t                                    <div  class=\"wppb-column-parent wppb-column-parent-view wppb-col-1584899316149  \"  >\n                                        <div class=\"wppb-column\">\n\t\t\t\t\t\n\t\t\t\t\t\t\t\t\t\t\t\n                                            <div class=\"wppb-builder-addons\">\n\t\t\t\t\t\t\t\t\t\t\t\t<div class='wppb-builder-addon wppb-addon-1584899556855'  data-addon-id='1584899556855'><div class='wppb-addon'><div class=\"wppb-text-block-addon\"><div class=\"wppb-text-block-content 0\">So ein musikalisches Jahr bei uns Sch\u00f6nberger Jungmusikanten ist gepr\u00e4gt von einer Vielzahl an Spielereien und einer betr\u00e4chtlichen Portion von famili\u00e4rem Zusammenhalt. All diese Erlebnisse und Erinnerungen werden in unserem j\u00e4hrlichen Musikantenbrief festgehalten. Beim Durchbl\u00e4ttern nehmen wir Sie mit auf eine kleine Zeitreise durch die musikalischen H\u00f6hepunkte der vergangenen Zeit. Auf geht\u2019s.<\/div><\/div><\/div><\/div>                                            <\/div>\n                                        <\/div>\n                                    <\/div>\n\t\t\t\t\t\t\t\t\t                        <\/div>\n\n                    <\/div>\n                <\/div>\n\t\t\t\t                <div  class=\"wppb-row-parent  wppb-row-1584899316330 musibriefrow\"  >\n\t\t\t\t\t\n\t\t\t\t\t\t\t\t\t\t\n\t\t\t\t\t\t\t\t\t\t\n\t\t\t\t\t<div class=\"wppb-container \">\n\t\t\t\t\t\t\t\t\t\t\t\t\t\n                        <div class=\"wppb-row\">\n\t\t\t\t\t\t\t                                    <div  class=\"wppb-column-parent wppb-column-parent-view wppb-col-1584899316331  \"  >\n                                        <div class=\"wppb-column\">\n\t\t\t\t\t\n\t\t\t\t\t\t\t\t\t\t\t\n                                            <div class=\"wppb-builder-addons\">\n\t\t\t\t\t\t\t\t\t\t\t\t<div class='wppb-builder-addon wppb-addon-1584899316332'  data-addon-id='1584899316332'><div class='wppb-addon'><div class=\"wppb-icon-addon\"><div class=\"wppb-icon-content\"><span class=\"wppb-icon-inner\"><a  href=\"https:\/\/jungmusikanten.at\/wp-content\/uploads\/2025\/06\/Musibrief_2025_web.pdf\" target=_blank><i class=\"fas fa-file-download\"><\/i><\/a><\/span><\/div><\/div><\/div><\/div>                                            <\/div>\n                                        <\/div>\n                                    <\/div>\n\t\t\t\t\t\t\t\t\t                                    <div  class=\"wppb-column-parent wppb-column-parent-view wppb-col-1584899316333  \"  >\n                                        <div class=\"wppb-column\">\n\t\t\t\t\t\n\t\t\t\t\t\t\t\t\t\t\t\n                                            <div class=\"wppb-builder-addons\">\n\t\t\t\t\t\t\t\t\t\t\t\t<div class='wppb-builder-addon wppb-addon-1584899316334 musidesc'  data-addon-id='1584899316334'><div class='wppb-addon'><div class=\"wppb-text-block-addon\"><div class=\"wppb-text-block-content 0\">Ausgabe Nr. 40 - 2025<\/div><\/div><\/div><\/div>                                            <\/div>\n                                        <\/div>\n                                    <\/div>\n\t\t\t\t\t\t\t\t\t                        <\/div>\n\n                    <\/div>\n                <\/div>\n\t\t\t\t                <div  class=\"wppb-row-parent  wppb-row-1585319671391 musibriefrow\"  >\n\t\t\t\t\t\n\t\t\t\t\t\t\t\t\t\t\n\t\t\t\t\t\t\t\t\t\t\n\t\t\t\t\t<div class=\"wppb-container \">\n\t\t\t\t\t\t\t\t\t\t\t\t\t\n                        <div class=\"wppb-row\">\n\t\t\t\t\t\t\t                                    <div  class=\"wppb-column-parent wppb-column-parent-view wppb-col-1585319671390  \"  >\n                                        <div class=\"wppb-column\">\n\t\t\t\t\t\n\t\t\t\t\t\t\t\t\t\t\t\n                                            <div class=\"wppb-builder-addons\">\n\t\t\t\t\t\t\t\t\t\t\t\t<div class='wppb-builder-addon wppb-addon-1584899465572'  data-addon-id='1584899465572'><div class='wppb-addon'><div class=\"wppb-icon-addon\"><div class=\"wppb-icon-content\"><span class=\"wppb-icon-inner\"><a  href=\"https:\/\/jungmusikanten.at\/wp-content\/uploads\/2024\/04\/Musibrief-2024_web.pdf\" target=_blank><i class=\"fas fa-file-download\"><\/i><\/a><\/span><\/div><\/div><\/div><\/div>                                            <\/div>\n                                        <\/div>\n                                    <\/div>\n\t\t\t\t\t\t\t\t\t                                    <div  class=\"wppb-column-parent wppb-column-parent-view wppb-col-1585319671392 musidesc \"  >\n                                        <div class=\"wppb-column\">\n\t\t\t\t\t\n\t\t\t\t\t\t\t\t\t\t\t\n                                            <div class=\"wppb-builder-addons\">\n\t\t\t\t\t\t\t\t\t\t\t\t<div class='wppb-builder-addon wppb-addon-1584899532775 musidesc'  data-addon-id='1584899532775'><div class='wppb-addon'><div class=\"wppb-text-block-addon\"><div class=\"wppb-text-block-content 0\">Ausgabe Nr. 39 - 2024<\/div><\/div><\/div><\/div>                                            <\/div>\n                                        <\/div>\n                                    <\/div>\n\t\t\t\t\t\t\t\t\t                        <\/div>\n\n                    <\/div>\n                <\/div>\n\t\t\t\t                <div  class=\"wppb-row-parent  wppb-row-1595938113157 musibriefrow\"  >\n\t\t\t\t\t\n\t\t\t\t\t\t\t\t\t\t\n\t\t\t\t\t\t\t\t\t\t\n\t\t\t\t\t<div class=\"wppb-container \">\n\t\t\t\t\t\t\t\t\t\t\t\t\t\n                        <div class=\"wppb-row\">\n\t\t\t\t\t\t\t                                    <div  class=\"wppb-column-parent wppb-column-parent-view wppb-col-1595938113158  \"  >\n                                        <div class=\"wppb-column\">\n\t\t\t\t\t\n\t\t\t\t\t\t\t\t\t\t\t\n                                            <div class=\"wppb-builder-addons\">\n\t\t\t\t\t\t\t\t\t\t\t\t<div class='wppb-builder-addon wppb-addon-1595938113159'  data-addon-id='1595938113159'><div class='wppb-addon'><div class=\"wppb-icon-addon\"><div class=\"wppb-icon-content\"><span class=\"wppb-icon-inner\"><a  href=\"https:\/\/jungmusikanten.at\/wp-content\/uploads\/2024\/03\/Musibrief_2023_web.pdf\" target=_blank><i class=\"fas fa-file-download\"><\/i><\/a><\/span><\/div><\/div><\/div><\/div>                                            <\/div>\n                                        <\/div>\n                                    <\/div>\n\t\t\t\t\t\t\t\t\t                                    <div  class=\"wppb-column-parent wppb-column-parent-view wppb-col-1595938113160  \"  >\n                                        <div class=\"wppb-column\">\n\t\t\t\t\t\n\t\t\t\t\t\t\t\t\t\t\t\n                                            <div class=\"wppb-builder-addons\">\n\t\t\t\t\t\t\t\t\t\t\t\t<div class='wppb-builder-addon wppb-addon-1595938113161 musidesc'  data-addon-id='1595938113161'><div class='wppb-addon'><div class=\"wppb-text-block-addon\"><div class=\"wppb-text-block-content 0\">Ausgabe Nr. 38 - 2023<\/div><\/div><\/div><\/div>                                            <\/div>\n                                        <\/div>\n                                    <\/div>\n\t\t\t\t\t\t\t\t\t                        <\/div>\n\n                    <\/div>\n                <\/div>\n\t\t\t\t<\/div>","protected":false},"excerpt":{"rendered":"<p>Ein Verein. Eine Leidenschaft. Eine Geschichte. Wir Sch\u00f6nberger Jungmusikanten musizieren nun schon seit 39 Jahren. So eine Vereinsgeschichte wird von allerlei Ver\u00e4nderungen und musikalischen Weiterentwicklungen gepr\u00e4gt &#8211; doch zwei Werte haben sich \u00fcber die Jahrzehnte nicht ver\u00e4ndert: Die Liebe zur Musik und der Zusammenhalt im Verein. Damit Sie einen besseren \u00dcberblick \u00fcber unsere Historie bekommen&hellip;&nbsp;<a href=\"https:\/\/jungmusikanten.at\/?page_id=48\" rel=\"bookmark\">Weiterlesen &raquo;<span class=\"screen-reader-text\">Chronik<\/span><\/a><\/p>\n","protected":false},"author":3,"featured_media":0,"parent":0,"menu_order":0,"comment_status":"closed","ping_status":"closed","template":"","meta":{"neve_meta_sidebar":"","neve_meta_container":"","neve_meta_enable_content_width":"","neve_meta_content_width":0,"neve_meta_title_alignment":"","neve_meta_author_avatar":"","neve_post_elements_order":"","neve_meta_disable_header":"","neve_meta_disable_footer":"","neve_meta_disable_title":"","_mc_calendar":[],"footnotes":""},"class_list":["post-48","page","type-page","status-publish","hentry"],"_links":{"self":[{"href":"https:\/\/jungmusikanten.at\/index.php?rest_route=\/wp\/v2\/pages\/48","targetHints":{"allow":["GET"]}}],"collection":[{"href":"https:\/\/jungmusikanten.at\/index.php?rest_route=\/wp\/v2\/pages"}],"about":[{"href":"https:\/\/jungmusikanten.at\/index.php?rest_route=\/wp\/v2\/types\/page"}],"author":[{"embeddable":true,"href":"https:\/\/jungmusikanten.at\/index.php?rest_route=\/wp\/v2\/users\/3"}],"replies":[{"embeddable":true,"href":"https:\/\/jungmusikanten.at\/index.php?rest_route=%2Fwp%2Fv2%2Fcomments&post=48"}],"version-history":[{"count":2,"href":"https:\/\/jungmusikanten.at\/index.php?rest_route=\/wp\/v2\/pages\/48\/revisions"}],"predecessor-version":[{"id":84,"href":"https:\/\/jungmusikanten.at\/index.php?rest_route=\/wp\/v2\/pages\/48\/revisions\/84"}],"wp:attachment":[{"href":"https:\/\/jungmusikanten.at\/index.php?rest_route=%2Fwp%2Fv2%2Fmedia&parent=48"}],"curies":[{"name":"wp","href":"https:\/\/api.w.org\/{rel}","templated":true}]}}